{"id":2,"date":"2024-02-21T20:51:41","date_gmt":"2024-02-21T23:51:41","guid":{"rendered":"http:\/\/vii.congressodearbitragem.cbma.local.com.br\/?page_id=2"},"modified":"2024-08-07T17:49:35","modified_gmt":"2024-08-07T20:49:35","slug":"pagina-exemplo","status":"publish","type":"page","link":"https:\/\/cbma.com.br\/congresso-internacional-cbma-de-arbitragem\/","title":{"rendered":"P\u00e1gina Inicial"},"content":{"rendered":"\n<p>Nos dias 8 e 9 de agosto de 2024, o ic\u00f4nico Museu do Amanh\u00e3 ser\u00e1 palco do VII Congresso Internacional CBMA de Arbitragem.<\/p>\n\n\n\n<p>O Congresso contar\u00e1 com a presen\u00e7a de renomados palestrantes nacionais e internacionais, fomentando o debate no campo da Arbitragem, com especial aten\u00e7\u00e3o para os temas mais atuais e para as principais pol\u00eamicas em discuss\u00e3o na comunidade jur\u00eddica.<\/p>\n\n\n\n<p>Em sua 7\u00aa edi\u00e7\u00e3o, o Congresso \u00e9 um dos principais eventos da \u00e1rea no pa\u00eds e tem como p\u00fablico-alvo advogados, \u00e1rbitros, peritos e estudantes de Direito, assim como todos que t\u00eam interesse no tema.<\/p>\n\n\n\n<p>Ao reunir profissionais altamente qualificados na \u00e1rea e grandes l\u00edderes de opini\u00e3o da Arbitragem, o Congresso \u00e9 tamb\u00e9m uma excelente oportunidade de expandir seus contatos e trocar ideias e conhecimentos com a comunidade arbitral. Convidamos voc\u00ea a participar desse grande evento<\/p>\n\n\n\n<p><\/p>\n","protected":false},"excerpt":{"rendered":"<p>Nos dias 8 e 9 de agosto de 2024, o ic\u00f4nico Museu do Amanh\u00e3 ser\u00e1 palco do VII Congresso Internacional CBMA de Arbitragem. O Congresso contar\u00e1 com a presen\u00e7a de renomados palestrantes nacionais e internacionais, fomentando o debate no campo da Arbitragem, com especial aten\u00e7\u00e3o para os temas mais atuais e para as principais pol\u00eamicas [&hellip;]<\/p>\n","protected":false},"author":1,"featured_media":0,"parent":0,"menu_order":0,"comment_status":"closed","ping_status":"open","template":"","meta":{"_acf_changed":false,"footnotes":""},"class_list":["post-2","page","type-page","status-publish","hentry"],"acf":[],"_links":{"self":[{"href":"https:\/\/cbma.com.br\/congresso-internacional-cbma-de-arbitragem\/wp-json\/wp\/v2\/pages\/2","targetHints":{"allow":["GET"]}}],"collection":[{"href":"https:\/\/cbma.com.br\/congresso-internacional-cbma-de-arbitragem\/wp-json\/wp\/v2\/pages"}],"about":[{"href":"https:\/\/cbma.com.br\/congresso-internacional-cbma-de-arbitragem\/wp-json\/wp\/v2\/types\/page"}],"author":[{"embeddable":true,"href":"https:\/\/cbma.com.br\/congresso-internacional-cbma-de-arbitragem\/wp-json\/wp\/v2\/users\/1"}],"replies":[{"embeddable":true,"href":"https:\/\/cbma.com.br\/congresso-internacional-cbma-de-arbitragem\/wp-json\/wp\/v2\/comments?post=2"}],"version-history":[{"count":58,"href":"https:\/\/cbma.com.br\/congresso-internacional-cbma-de-arbitragem\/wp-json\/wp\/v2\/pages\/2\/revisions"}],"predecessor-version":[{"id":399,"href":"https:\/\/cbma.com.br\/congresso-internacional-cbma-de-arbitragem\/wp-json\/wp\/v2\/pages\/2\/revisions\/399"}],"wp:attachment":[{"href":"https:\/\/cbma.com.br\/congresso-internacional-cbma-de-arbitragem\/wp-json\/wp\/v2\/media?parent=2"}],"curies":[{"name":"wp","href":"https:\/\/api.w.org\/{rel}","templated":true}]}}