{"id":6,"date":"2024-08-01T12:27:40","date_gmt":"2024-08-01T15:27:40","guid":{"rendered":"https:\/\/cbma.com.br\/congresso-internacional-cbma-de-mediacao\/?page_id=6"},"modified":"2024-11-07T10:30:11","modified_gmt":"2024-11-07T13:30:11","slug":"o-congresso","status":"publish","type":"page","link":"https:\/\/cbma.com.br\/congresso-internacional-cbma-de-mediacao\/en\/","title":{"rendered":"THE CONGRESS"},"content":{"rendered":"<p>In recent years, the Brazilian Center for Mediation and Arbitration (CBMA) has been prominent in promoting and fostering alternative dispute resolution methods in Brazil, particularly mediation and arbitration.<\/p>\n\n\n\n<p>One of these initiatives is the International CBMA Mediation Congress, now in its 6th edition.<\/p>\n\n\n\n<p>The experience from previous years has shown excellent results, with the participation of more than 40 speakers from Brazil and abroad, as well as an audience of approximately 300 registrants at each edition, consolidating the event\u2019s position as the largest and most important Mediation Congress in the country.<\/p>\n\n\n\n<p>To continue this project, CBMA will hold its 6th International CBMA Mediation Congress on November 7 and 8, 2024, in Rio de Janeiro.<\/p>\n\n\n\n<p>This year, the event will have the institutional partnership of the Weinstein International Foundation (WIF)*.<\/p>\n\n\n\n<p>It is with great pleasure that CBMA invites all interested parties to participate in another unforgettable congress.<\/p>","protected":false},"excerpt":{"rendered":"<p>Nos \u00faltimos anos, o Centro Brasileiro de Media\u00e7\u00e3o e Arbitragem (CBMA) tem se destacado no fomento e promo\u00e7\u00e3o dos m\u00e9todos alternativos de resolu\u00e7\u00e3o de disputas no Brasil, em especial a media\u00e7\u00e3o e a arbitragem. Uma dessas iniciativas \u00e9 o Congresso Internacional CBMA de Media\u00e7\u00e3o, que se encontra em sua 6\u00aa edi\u00e7\u00e3o. A experi\u00eancia dos anos [&hellip;]<\/p>","protected":false},"author":1,"featured_media":57,"parent":0,"menu_order":0,"comment_status":"closed","ping_status":"closed","template":"","meta":{"_acf_changed":false,"footnotes":""},"class_list":["post-6","page","type-page","status-publish","has-post-thumbnail","hentry"],"acf":[],"yoast_head":"<!-- This site is optimized with the Yoast SEO plugin v23.8 - https:\/\/yoast.com\/wordpress\/plugins\/seo\/ -->\n<title>VI Congresso CBMA de Media\u00e7\u00e3o<\/title>\n<meta name=\"robots\" content=\"index, follow, max-snippet:-1, max-image-preview:large, max-video-preview:-1\" \/>\n<link rel=\"canonical\" href=\"https:\/\/cbma.com.br\/congresso-internacional-cbma-de-mediacao\/en\/\" \/>\n<meta property=\"og:locale\" content=\"en_US\" \/>\n<meta property=\"og:type\" content=\"article\" \/>\n<meta property=\"og:title\" content=\"VI Congresso CBMA de Media\u00e7\u00e3o\" \/>\n<meta property=\"og:description\" content=\"Nos \u00faltimos anos, o Centro Brasileiro de Media\u00e7\u00e3o e Arbitragem (CBMA) tem se destacado no fomento e promo\u00e7\u00e3o dos m\u00e9todos alternativos de resolu\u00e7\u00e3o de disputas no Brasil, em especial a media\u00e7\u00e3o e a arbitragem. Uma dessas iniciativas \u00e9 o Congresso Internacional CBMA de Media\u00e7\u00e3o, que se encontra em sua 6\u00aa edi\u00e7\u00e3o. A experi\u00eancia dos anos [&hellip;]\" \/>\n<meta property=\"og:url\" content=\"https:\/\/cbma.com.br\/congresso-internacional-cbma-de-mediacao\/en\/\" \/>\n<meta property=\"og:site_name\" content=\"VI Congresso CBMA de Media\u00e7\u00e3o\" \/>\n<meta property=\"article:publisher\" content=\"https:\/\/www.facebook.com\/cbma.oficial\" \/>\n<meta property=\"article:modified_time\" content=\"2024-11-07T13:30:11+00:00\" \/>\n<meta property=\"og:image\" content=\"https:\/\/cbma.com.br\/congresso-internacional-cbma-de-mediacao\/wp-content\/uploads\/2024\/08\/bg-section-sobre.jpg\" \/>\n\t<meta property=\"og:image:width\" content=\"806\" \/>\n\t<meta property=\"og:image:height\" content=\"643\" \/>\n\t<meta property=\"og:image:type\" content=\"image\/jpeg\" \/>\n<meta name=\"twitter:card\" content=\"summary_large_image\" \/>\n<meta name=\"twitter:label1\" content=\"Est. reading time\" \/>\n\t<meta name=\"twitter:data1\" content=\"2 minutes\" \/>\n<script type=\"application\/ld+json\" class=\"yoast-schema-graph\">{\"@context\":\"https:\/\/schema.org\",\"@graph\":[{\"@type\":\"WebPage\",\"@id\":\"https:\/\/cbma.com.br\/congresso-internacional-cbma-de-mediacao\/\",\"url\":\"https:\/\/cbma.com.br\/congresso-internacional-cbma-de-mediacao\/\",\"name\":\"VI Congresso CBMA de Media\u00e7\u00e3o\",\"isPartOf\":{\"@id\":\"https:\/\/cbma.com.br\/congresso-internacional-cbma-de-mediacao\/#website\"},\"primaryImageOfPage\":{\"@id\":\"https:\/\/cbma.com.br\/congresso-internacional-cbma-de-mediacao\/#primaryimage\"},\"image\":{\"@id\":\"https:\/\/cbma.com.br\/congresso-internacional-cbma-de-mediacao\/#primaryimage\"},\"thumbnailUrl\":\"https:\/\/cbma.com.br\/congresso-internacional-cbma-de-mediacao\/wp-content\/uploads\/2024\/08\/bg-section-sobre.jpg\",\"datePublished\":\"2024-08-01T15:27:40+00:00\",\"dateModified\":\"2024-11-07T13:30:11+00:00\",\"breadcrumb\":{\"@id\":\"https:\/\/cbma.com.br\/congresso-internacional-cbma-de-mediacao\/#breadcrumb\"},\"inLanguage\":\"en-US\",\"potentialAction\":[{\"@type\":\"ReadAction\",\"target\":[\"https:\/\/cbma.com.br\/congresso-internacional-cbma-de-mediacao\/\"]}]},{\"@type\":\"ImageObject\",\"inLanguage\":\"en-US\",\"@id\":\"https:\/\/cbma.com.br\/congresso-internacional-cbma-de-mediacao\/#primaryimage\",\"url\":\"https:\/\/cbma.com.br\/congresso-internacional-cbma-de-mediacao\/wp-content\/uploads\/2024\/08\/bg-section-sobre.jpg\",\"contentUrl\":\"https:\/\/cbma.com.br\/congresso-internacional-cbma-de-mediacao\/wp-content\/uploads\/2024\/08\/bg-section-sobre.jpg\",\"width\":806,\"height\":643},{\"@type\":\"BreadcrumbList\",\"@id\":\"https:\/\/cbma.com.br\/congresso-internacional-cbma-de-mediacao\/#breadcrumb\",\"itemListElement\":[{\"@type\":\"ListItem\",\"position\":1,\"name\":\"In\u00edcio\",\"item\":\"https:\/\/cbma.com.br\/congresso-internacional-cbma-de-mediacao\/\"},{\"@type\":\"ListItem\",\"position\":2,\"name\":\"O CONGRESSO\"}]},{\"@type\":\"WebSite\",\"@id\":\"https:\/\/cbma.com.br\/congresso-internacional-cbma-de-mediacao\/#website\",\"url\":\"https:\/\/cbma.com.br\/congresso-internacional-cbma-de-mediacao\/\",\"name\":\"VI Congresso CBMA de Media\u00e7\u00e3o\",\"description\":\"\",\"publisher\":{\"@id\":\"https:\/\/cbma.com.br\/congresso-internacional-cbma-de-mediacao\/#organization\"},\"potentialAction\":[{\"@type\":\"SearchAction\",\"target\":{\"@type\":\"EntryPoint\",\"urlTemplate\":\"https:\/\/cbma.com.br\/congresso-internacional-cbma-de-mediacao\/?s={search_term_string}\"},\"query-input\":{\"@type\":\"PropertyValueSpecification\",\"valueRequired\":true,\"valueName\":\"search_term_string\"}}],\"inLanguage\":\"en-US\"},{\"@type\":\"Organization\",\"@id\":\"https:\/\/cbma.com.br\/congresso-internacional-cbma-de-mediacao\/#organization\",\"name\":\"VI Congresso CBMA de Media\u00e7\u00e3o\",\"url\":\"https:\/\/cbma.com.br\/congresso-internacional-cbma-de-mediacao\/\",\"logo\":{\"@type\":\"ImageObject\",\"inLanguage\":\"en-US\",\"@id\":\"https:\/\/cbma.com.br\/congresso-internacional-cbma-de-mediacao\/#\/schema\/logo\/image\/\",\"url\":\"https:\/\/cbma.com.br\/congresso-internacional-cbma-de-mediacao\/wp-content\/uploads\/2024\/08\/LOGO.png\",\"contentUrl\":\"https:\/\/cbma.com.br\/congresso-internacional-cbma-de-mediacao\/wp-content\/uploads\/2024\/08\/LOGO.png\",\"width\":289,\"height\":195,\"caption\":\"VI Congresso CBMA de Media\u00e7\u00e3o\"},\"image\":{\"@id\":\"https:\/\/cbma.com.br\/congresso-internacional-cbma-de-mediacao\/#\/schema\/logo\/image\/\"},\"sameAs\":[\"https:\/\/www.facebook.com\/cbma.oficial\",\"https:\/\/www.instagram.com\/cbma.oficial\/\",\"https:\/\/www.linkedin.com\/company\/cbma-centro-brasileiro-de-mediao-e-arbitragem\/\",\"https:\/\/www.youtube.com\/c\/CBMAoficial\"]}]}<\/script>\n<!-- \/ Yoast SEO plugin. -->","yoast_head_json":{"title":"VI Congresso CBMA de Media\u00e7\u00e3o","robots":{"index":"index","follow":"follow","max-snippet":"max-snippet:-1","max-image-preview":"max-image-preview:large","max-video-preview":"max-video-preview:-1"},"canonical":"https:\/\/cbma.com.br\/congresso-internacional-cbma-de-mediacao\/en\/","og_locale":"en_US","og_type":"article","og_title":"VI Congresso CBMA de Media\u00e7\u00e3o","og_description":"Nos \u00faltimos anos, o Centro Brasileiro de Media\u00e7\u00e3o e Arbitragem (CBMA) tem se destacado no fomento e promo\u00e7\u00e3o dos m\u00e9todos alternativos de resolu\u00e7\u00e3o de disputas no Brasil, em especial a media\u00e7\u00e3o e a arbitragem. Uma dessas iniciativas \u00e9 o Congresso Internacional CBMA de Media\u00e7\u00e3o, que se encontra em sua 6\u00aa edi\u00e7\u00e3o. A experi\u00eancia dos anos [&hellip;]","og_url":"https:\/\/cbma.com.br\/congresso-internacional-cbma-de-mediacao\/en\/","og_site_name":"VI Congresso CBMA de Media\u00e7\u00e3o","article_publisher":"https:\/\/www.facebook.com\/cbma.oficial","article_modified_time":"2024-11-07T13:30:11+00:00","og_image":[{"width":806,"height":643,"url":"https:\/\/cbma.com.br\/congresso-internacional-cbma-de-mediacao\/wp-content\/uploads\/2024\/08\/bg-section-sobre.jpg","type":"image\/jpeg"}],"twitter_card":"summary_large_image","twitter_misc":{"Est. reading time":"2 minutes"},"schema":{"@context":"https:\/\/schema.org","@graph":[{"@type":"WebPage","@id":"https:\/\/cbma.com.br\/congresso-internacional-cbma-de-mediacao\/","url":"https:\/\/cbma.com.br\/congresso-internacional-cbma-de-mediacao\/","name":"VI Congresso CBMA de Media\u00e7\u00e3o","isPartOf":{"@id":"https:\/\/cbma.com.br\/congresso-internacional-cbma-de-mediacao\/#website"},"primaryImageOfPage":{"@id":"https:\/\/cbma.com.br\/congresso-internacional-cbma-de-mediacao\/#primaryimage"},"image":{"@id":"https:\/\/cbma.com.br\/congresso-internacional-cbma-de-mediacao\/#primaryimage"},"thumbnailUrl":"https:\/\/cbma.com.br\/congresso-internacional-cbma-de-mediacao\/wp-content\/uploads\/2024\/08\/bg-section-sobre.jpg","datePublished":"2024-08-01T15:27:40+00:00","dateModified":"2024-11-07T13:30:11+00:00","breadcrumb":{"@id":"https:\/\/cbma.com.br\/congresso-internacional-cbma-de-mediacao\/#breadcrumb"},"inLanguage":"en-US","potentialAction":[{"@type":"ReadAction","target":["https:\/\/cbma.com.br\/congresso-internacional-cbma-de-mediacao\/"]}]},{"@type":"ImageObject","inLanguage":"en-US","@id":"https:\/\/cbma.com.br\/congresso-internacional-cbma-de-mediacao\/#primaryimage","url":"https:\/\/cbma.com.br\/congresso-internacional-cbma-de-mediacao\/wp-content\/uploads\/2024\/08\/bg-section-sobre.jpg","contentUrl":"https:\/\/cbma.com.br\/congresso-internacional-cbma-de-mediacao\/wp-content\/uploads\/2024\/08\/bg-section-sobre.jpg","width":806,"height":643},{"@type":"BreadcrumbList","@id":"https:\/\/cbma.com.br\/congresso-internacional-cbma-de-mediacao\/#breadcrumb","itemListElement":[{"@type":"ListItem","position":1,"name":"In\u00edcio","item":"https:\/\/cbma.com.br\/congresso-internacional-cbma-de-mediacao\/"},{"@type":"ListItem","position":2,"name":"O CONGRESSO"}]},{"@type":"WebSite","@id":"https:\/\/cbma.com.br\/congresso-internacional-cbma-de-mediacao\/#website","url":"https:\/\/cbma.com.br\/congresso-internacional-cbma-de-mediacao\/","name":"VI Congresso CBMA de Media\u00e7\u00e3o","description":"","publisher":{"@id":"https:\/\/cbma.com.br\/congresso-internacional-cbma-de-mediacao\/#organization"},"potentialAction":[{"@type":"SearchAction","target":{"@type":"EntryPoint","urlTemplate":"https:\/\/cbma.com.br\/congresso-internacional-cbma-de-mediacao\/?s={search_term_string}"},"query-input":{"@type":"PropertyValueSpecification","valueRequired":true,"valueName":"search_term_string"}}],"inLanguage":"en-US"},{"@type":"Organization","@id":"https:\/\/cbma.com.br\/congresso-internacional-cbma-de-mediacao\/#organization","name":"VI Congresso CBMA de Media\u00e7\u00e3o","url":"https:\/\/cbma.com.br\/congresso-internacional-cbma-de-mediacao\/","logo":{"@type":"ImageObject","inLanguage":"en-US","@id":"https:\/\/cbma.com.br\/congresso-internacional-cbma-de-mediacao\/#\/schema\/logo\/image\/","url":"https:\/\/cbma.com.br\/congresso-internacional-cbma-de-mediacao\/wp-content\/uploads\/2024\/08\/LOGO.png","contentUrl":"https:\/\/cbma.com.br\/congresso-internacional-cbma-de-mediacao\/wp-content\/uploads\/2024\/08\/LOGO.png","width":289,"height":195,"caption":"VI Congresso CBMA de Media\u00e7\u00e3o"},"image":{"@id":"https:\/\/cbma.com.br\/congresso-internacional-cbma-de-mediacao\/#\/schema\/logo\/image\/"},"sameAs":["https:\/\/www.facebook.com\/cbma.oficial","https:\/\/www.instagram.com\/cbma.oficial\/","https:\/\/www.linkedin.com\/company\/cbma-centro-brasileiro-de-mediao-e-arbitragem\/","https:\/\/www.youtube.com\/c\/CBMAoficial"]}]}},"_links":{"self":[{"href":"https:\/\/cbma.com.br\/congresso-internacional-cbma-de-mediacao\/en\/wp-json\/wp\/v2\/pages\/6","targetHints":{"allow":["GET"]}}],"collection":[{"href":"https:\/\/cbma.com.br\/congresso-internacional-cbma-de-mediacao\/en\/wp-json\/wp\/v2\/pages"}],"about":[{"href":"https:\/\/cbma.com.br\/congresso-internacional-cbma-de-mediacao\/en\/wp-json\/wp\/v2\/types\/page"}],"author":[{"embeddable":true,"href":"https:\/\/cbma.com.br\/congresso-internacional-cbma-de-mediacao\/en\/wp-json\/wp\/v2\/users\/1"}],"replies":[{"embeddable":true,"href":"https:\/\/cbma.com.br\/congresso-internacional-cbma-de-mediacao\/en\/wp-json\/wp\/v2\/comments?post=6"}],"version-history":[{"count":30,"href":"https:\/\/cbma.com.br\/congresso-internacional-cbma-de-mediacao\/en\/wp-json\/wp\/v2\/pages\/6\/revisions"}],"predecessor-version":[{"id":209,"href":"https:\/\/cbma.com.br\/congresso-internacional-cbma-de-mediacao\/en\/wp-json\/wp\/v2\/pages\/6\/revisions\/209"}],"wp:featuredmedia":[{"embeddable":true,"href":"https:\/\/cbma.com.br\/congresso-internacional-cbma-de-mediacao\/en\/wp-json\/wp\/v2\/media\/57"}],"wp:attachment":[{"href":"https:\/\/cbma.com.br\/congresso-internacional-cbma-de-mediacao\/en\/wp-json\/wp\/v2\/media?parent=6"}],"curies":[{"name":"wp","href":"https:\/\/api.w.org\/{rel}","templated":true}]}}