{"id":6,"date":"2024-08-01T12:27:40","date_gmt":"2024-08-01T15:27:40","guid":{"rendered":"https:\/\/cbma.com.br\/congresso-internacional-cbma-de-mediacao\/?page_id=6"},"modified":"2024-11-07T10:30:11","modified_gmt":"2024-11-07T13:30:11","slug":"o-congresso","status":"publish","type":"page","link":"https:\/\/cbma.com.br\/congresso-internacional-cbma-de-mediacao\/","title":{"rendered":"O CONGRESSO"},"content":{"rendered":"\n<p>Nos \u00faltimos anos, o Centro Brasileiro de Media\u00e7\u00e3o e Arbitragem (CBMA) tem se destacado no fomento e promo\u00e7\u00e3o dos m\u00e9todos alternativos de resolu\u00e7\u00e3o de disputas no Brasil, em especial a media\u00e7\u00e3o e a arbitragem.<\/p>\n\n\n\n<p>Uma dessas iniciativas \u00e9 o Congresso Internacional CBMA de Media\u00e7\u00e3o, que se encontra em sua 6\u00aa edi\u00e7\u00e3o.<\/p>\n\n\n\n<p>A experi\u00eancia dos anos anteriores demonstrou excelentes resultados, com a participa\u00e7\u00e3o de mais de 40 palestrantes brasileiros e estrangeiros, al\u00e9m de um p\u00fablico de aproximadamente 300 inscritos a cada edi\u00e7\u00e3o, consolidando a posi\u00e7\u00e3o do evento como o maior e mais importante Congresso de Media\u00e7\u00e3o do pa\u00eds.<\/p>\n\n\n\n<p>Para dar continuidade a esse projeto, o CBMA realizar\u00e1 seu VI Congresso Internacional CBMA de Media\u00e7\u00e3o nos dias 7 e 8 de novembro de 2024, no Rio de Janeiro.<\/p>\n\n\n\n<p>Neste ano, o evento contar\u00e1 com a parceria institucional da Weinstein International Foundation (WIF)*.<\/p>\n\n\n\n<p>\u00c9 com imenso prazer que o CBMA convida todos os interessados para participar de mais um congresso inesquec\u00edvel.<\/p>\n","protected":false},"excerpt":{"rendered":"<p>Nos \u00faltimos anos, o Centro Brasileiro de Media\u00e7\u00e3o e Arbitragem (CBMA) tem se destacado no fomento e promo\u00e7\u00e3o dos m\u00e9todos alternativos de resolu\u00e7\u00e3o de disputas no Brasil, em especial a media\u00e7\u00e3o e a arbitragem. Uma dessas iniciativas \u00e9 o Congresso Internacional CBMA de Media\u00e7\u00e3o, que se encontra em sua 6\u00aa edi\u00e7\u00e3o. A experi\u00eancia dos anos [&hellip;]<\/p>\n","protected":false},"author":1,"featured_media":57,"parent":0,"menu_order":0,"comment_status":"closed","ping_status":"closed","template":"","meta":{"_acf_changed":false,"footnotes":""},"class_list":["post-6","page","type-page","status-publish","has-post-thumbnail","hentry"],"acf":[],"yoast_head":"<!-- This site is optimized with the Yoast SEO plugin v23.8 - https:\/\/yoast.com\/wordpress\/plugins\/seo\/ -->\n<title>VI Congresso CBMA de Media\u00e7\u00e3o<\/title>\n<meta name=\"robots\" content=\"index, follow, max-snippet:-1, max-image-preview:large, max-video-preview:-1\" \/>\n<link rel=\"canonical\" href=\"https:\/\/cbma.com.br\/congresso-internacional-cbma-de-mediacao\/\" \/>\n<meta property=\"og:locale\" content=\"pt_BR\" \/>\n<meta property=\"og:type\" content=\"article\" \/>\n<meta property=\"og:title\" content=\"VI Congresso CBMA de Media\u00e7\u00e3o\" \/>\n<meta property=\"og:description\" content=\"Nos \u00faltimos anos, o Centro Brasileiro de Media\u00e7\u00e3o e Arbitragem (CBMA) tem se destacado no fomento e promo\u00e7\u00e3o dos m\u00e9todos alternativos de resolu\u00e7\u00e3o de disputas no Brasil, em especial a media\u00e7\u00e3o e a arbitragem. Uma dessas iniciativas \u00e9 o Congresso Internacional CBMA de Media\u00e7\u00e3o, que se encontra em sua 6\u00aa edi\u00e7\u00e3o. A experi\u00eancia dos anos [&hellip;]\" \/>\n<meta property=\"og:url\" content=\"https:\/\/cbma.com.br\/congresso-internacional-cbma-de-mediacao\/\" \/>\n<meta property=\"og:site_name\" content=\"VI Congresso CBMA de Media\u00e7\u00e3o\" \/>\n<meta property=\"article:publisher\" content=\"https:\/\/www.facebook.com\/cbma.oficial\" \/>\n<meta property=\"article:modified_time\" content=\"2024-11-07T13:30:11+00:00\" \/>\n<meta property=\"og:image\" content=\"https:\/\/cbma.com.br\/congresso-internacional-cbma-de-mediacao\/wp-content\/uploads\/2024\/08\/bg-section-sobre.jpg\" \/>\n\t<meta property=\"og:image:width\" content=\"806\" \/>\n\t<meta property=\"og:image:height\" content=\"643\" \/>\n\t<meta property=\"og:image:type\" content=\"image\/jpeg\" \/>\n<meta name=\"twitter:card\" content=\"summary_large_image\" \/>\n<meta name=\"twitter:label1\" content=\"Est. tempo de leitura\" \/>\n\t<meta name=\"twitter:data1\" content=\"2 minutos\" \/>\n<script type=\"application\/ld+json\" class=\"yoast-schema-graph\">{\"@context\":\"https:\/\/schema.org\",\"@graph\":[{\"@type\":\"WebPage\",\"@id\":\"https:\/\/cbma.com.br\/congresso-internacional-cbma-de-mediacao\/\",\"url\":\"https:\/\/cbma.com.br\/congresso-internacional-cbma-de-mediacao\/\",\"name\":\"VI Congresso CBMA de Media\u00e7\u00e3o\",\"isPartOf\":{\"@id\":\"https:\/\/cbma.com.br\/congresso-internacional-cbma-de-mediacao\/#website\"},\"primaryImageOfPage\":{\"@id\":\"https:\/\/cbma.com.br\/congresso-internacional-cbma-de-mediacao\/#primaryimage\"},\"image\":{\"@id\":\"https:\/\/cbma.com.br\/congresso-internacional-cbma-de-mediacao\/#primaryimage\"},\"thumbnailUrl\":\"https:\/\/cbma.com.br\/congresso-internacional-cbma-de-mediacao\/wp-content\/uploads\/2024\/08\/bg-section-sobre.jpg\",\"datePublished\":\"2024-08-01T15:27:40+00:00\",\"dateModified\":\"2024-11-07T13:30:11+00:00\",\"breadcrumb\":{\"@id\":\"https:\/\/cbma.com.br\/congresso-internacional-cbma-de-mediacao\/#breadcrumb\"},\"inLanguage\":\"pt-BR\",\"potentialAction\":[{\"@type\":\"ReadAction\",\"target\":[\"https:\/\/cbma.com.br\/congresso-internacional-cbma-de-mediacao\/\"]}]},{\"@type\":\"ImageObject\",\"inLanguage\":\"pt-BR\",\"@id\":\"https:\/\/cbma.com.br\/congresso-internacional-cbma-de-mediacao\/#primaryimage\",\"url\":\"https:\/\/cbma.com.br\/congresso-internacional-cbma-de-mediacao\/wp-content\/uploads\/2024\/08\/bg-section-sobre.jpg\",\"contentUrl\":\"https:\/\/cbma.com.br\/congresso-internacional-cbma-de-mediacao\/wp-content\/uploads\/2024\/08\/bg-section-sobre.jpg\",\"width\":806,\"height\":643},{\"@type\":\"BreadcrumbList\",\"@id\":\"https:\/\/cbma.com.br\/congresso-internacional-cbma-de-mediacao\/#breadcrumb\",\"itemListElement\":[{\"@type\":\"ListItem\",\"position\":1,\"name\":\"In\u00edcio\",\"item\":\"https:\/\/cbma.com.br\/congresso-internacional-cbma-de-mediacao\/\"},{\"@type\":\"ListItem\",\"position\":2,\"name\":\"O CONGRESSO\"}]},{\"@type\":\"WebSite\",\"@id\":\"https:\/\/cbma.com.br\/congresso-internacional-cbma-de-mediacao\/#website\",\"url\":\"https:\/\/cbma.com.br\/congresso-internacional-cbma-de-mediacao\/\",\"name\":\"VI Congresso CBMA de Media\u00e7\u00e3o\",\"description\":\"\",\"publisher\":{\"@id\":\"https:\/\/cbma.com.br\/congresso-internacional-cbma-de-mediacao\/#organization\"},\"potentialAction\":[{\"@type\":\"SearchAction\",\"target\":{\"@type\":\"EntryPoint\",\"urlTemplate\":\"https:\/\/cbma.com.br\/congresso-internacional-cbma-de-mediacao\/?s={search_term_string}\"},\"query-input\":{\"@type\":\"PropertyValueSpecification\",\"valueRequired\":true,\"valueName\":\"search_term_string\"}}],\"inLanguage\":\"pt-BR\"},{\"@type\":\"Organization\",\"@id\":\"https:\/\/cbma.com.br\/congresso-internacional-cbma-de-mediacao\/#organization\",\"name\":\"VI Congresso CBMA de Media\u00e7\u00e3o\",\"url\":\"https:\/\/cbma.com.br\/congresso-internacional-cbma-de-mediacao\/\",\"logo\":{\"@type\":\"ImageObject\",\"inLanguage\":\"pt-BR\",\"@id\":\"https:\/\/cbma.com.br\/congresso-internacional-cbma-de-mediacao\/#\/schema\/logo\/image\/\",\"url\":\"https:\/\/cbma.com.br\/congresso-internacional-cbma-de-mediacao\/wp-content\/uploads\/2024\/08\/LOGO.png\",\"contentUrl\":\"https:\/\/cbma.com.br\/congresso-internacional-cbma-de-mediacao\/wp-content\/uploads\/2024\/08\/LOGO.png\",\"width\":289,\"height\":195,\"caption\":\"VI Congresso CBMA de Media\u00e7\u00e3o\"},\"image\":{\"@id\":\"https:\/\/cbma.com.br\/congresso-internacional-cbma-de-mediacao\/#\/schema\/logo\/image\/\"},\"sameAs\":[\"https:\/\/www.facebook.com\/cbma.oficial\",\"https:\/\/www.instagram.com\/cbma.oficial\/\",\"https:\/\/www.linkedin.com\/company\/cbma-centro-brasileiro-de-mediao-e-arbitragem\/\",\"https:\/\/www.youtube.com\/c\/CBMAoficial\"]}]}<\/script>\n<!-- \/ Yoast SEO plugin. -->","yoast_head_json":{"title":"VI Congresso CBMA de Media\u00e7\u00e3o","robots":{"index":"index","follow":"follow","max-snippet":"max-snippet:-1","max-image-preview":"max-image-preview:large","max-video-preview":"max-video-preview:-1"},"canonical":"https:\/\/cbma.com.br\/congresso-internacional-cbma-de-mediacao\/","og_locale":"pt_BR","og_type":"article","og_title":"VI Congresso CBMA de Media\u00e7\u00e3o","og_description":"Nos \u00faltimos anos, o Centro Brasileiro de Media\u00e7\u00e3o e Arbitragem (CBMA) tem se destacado no fomento e promo\u00e7\u00e3o dos m\u00e9todos alternativos de resolu\u00e7\u00e3o de disputas no Brasil, em especial a media\u00e7\u00e3o e a arbitragem. Uma dessas iniciativas \u00e9 o Congresso Internacional CBMA de Media\u00e7\u00e3o, que se encontra em sua 6\u00aa edi\u00e7\u00e3o. A experi\u00eancia dos anos [&hellip;]","og_url":"https:\/\/cbma.com.br\/congresso-internacional-cbma-de-mediacao\/","og_site_name":"VI Congresso CBMA de Media\u00e7\u00e3o","article_publisher":"https:\/\/www.facebook.com\/cbma.oficial","article_modified_time":"2024-11-07T13:30:11+00:00","og_image":[{"width":806,"height":643,"url":"https:\/\/cbma.com.br\/congresso-internacional-cbma-de-mediacao\/wp-content\/uploads\/2024\/08\/bg-section-sobre.jpg","type":"image\/jpeg"}],"twitter_card":"summary_large_image","twitter_misc":{"Est. tempo de leitura":"2 minutos"},"schema":{"@context":"https:\/\/schema.org","@graph":[{"@type":"WebPage","@id":"https:\/\/cbma.com.br\/congresso-internacional-cbma-de-mediacao\/","url":"https:\/\/cbma.com.br\/congresso-internacional-cbma-de-mediacao\/","name":"VI Congresso CBMA de Media\u00e7\u00e3o","isPartOf":{"@id":"https:\/\/cbma.com.br\/congresso-internacional-cbma-de-mediacao\/#website"},"primaryImageOfPage":{"@id":"https:\/\/cbma.com.br\/congresso-internacional-cbma-de-mediacao\/#primaryimage"},"image":{"@id":"https:\/\/cbma.com.br\/congresso-internacional-cbma-de-mediacao\/#primaryimage"},"thumbnailUrl":"https:\/\/cbma.com.br\/congresso-internacional-cbma-de-mediacao\/wp-content\/uploads\/2024\/08\/bg-section-sobre.jpg","datePublished":"2024-08-01T15:27:40+00:00","dateModified":"2024-11-07T13:30:11+00:00","breadcrumb":{"@id":"https:\/\/cbma.com.br\/congresso-internacional-cbma-de-mediacao\/#breadcrumb"},"inLanguage":"pt-BR","potentialAction":[{"@type":"ReadAction","target":["https:\/\/cbma.com.br\/congresso-internacional-cbma-de-mediacao\/"]}]},{"@type":"ImageObject","inLanguage":"pt-BR","@id":"https:\/\/cbma.com.br\/congresso-internacional-cbma-de-mediacao\/#primaryimage","url":"https:\/\/cbma.com.br\/congresso-internacional-cbma-de-mediacao\/wp-content\/uploads\/2024\/08\/bg-section-sobre.jpg","contentUrl":"https:\/\/cbma.com.br\/congresso-internacional-cbma-de-mediacao\/wp-content\/uploads\/2024\/08\/bg-section-sobre.jpg","width":806,"height":643},{"@type":"BreadcrumbList","@id":"https:\/\/cbma.com.br\/congresso-internacional-cbma-de-mediacao\/#breadcrumb","itemListElement":[{"@type":"ListItem","position":1,"name":"In\u00edcio","item":"https:\/\/cbma.com.br\/congresso-internacional-cbma-de-mediacao\/"},{"@type":"ListItem","position":2,"name":"O CONGRESSO"}]},{"@type":"WebSite","@id":"https:\/\/cbma.com.br\/congresso-internacional-cbma-de-mediacao\/#website","url":"https:\/\/cbma.com.br\/congresso-internacional-cbma-de-mediacao\/","name":"VI Congresso CBMA de Media\u00e7\u00e3o","description":"","publisher":{"@id":"https:\/\/cbma.com.br\/congresso-internacional-cbma-de-mediacao\/#organization"},"potentialAction":[{"@type":"SearchAction","target":{"@type":"EntryPoint","urlTemplate":"https:\/\/cbma.com.br\/congresso-internacional-cbma-de-mediacao\/?s={search_term_string}"},"query-input":{"@type":"PropertyValueSpecification","valueRequired":true,"valueName":"search_term_string"}}],"inLanguage":"pt-BR"},{"@type":"Organization","@id":"https:\/\/cbma.com.br\/congresso-internacional-cbma-de-mediacao\/#organization","name":"VI Congresso CBMA de Media\u00e7\u00e3o","url":"https:\/\/cbma.com.br\/congresso-internacional-cbma-de-mediacao\/","logo":{"@type":"ImageObject","inLanguage":"pt-BR","@id":"https:\/\/cbma.com.br\/congresso-internacional-cbma-de-mediacao\/#\/schema\/logo\/image\/","url":"https:\/\/cbma.com.br\/congresso-internacional-cbma-de-mediacao\/wp-content\/uploads\/2024\/08\/LOGO.png","contentUrl":"https:\/\/cbma.com.br\/congresso-internacional-cbma-de-mediacao\/wp-content\/uploads\/2024\/08\/LOGO.png","width":289,"height":195,"caption":"VI Congresso CBMA de Media\u00e7\u00e3o"},"image":{"@id":"https:\/\/cbma.com.br\/congresso-internacional-cbma-de-mediacao\/#\/schema\/logo\/image\/"},"sameAs":["https:\/\/www.facebook.com\/cbma.oficial","https:\/\/www.instagram.com\/cbma.oficial\/","https:\/\/www.linkedin.com\/company\/cbma-centro-brasileiro-de-mediao-e-arbitragem\/","https:\/\/www.youtube.com\/c\/CBMAoficial"]}]}},"_links":{"self":[{"href":"https:\/\/cbma.com.br\/congresso-internacional-cbma-de-mediacao\/wp-json\/wp\/v2\/pages\/6","targetHints":{"allow":["GET"]}}],"collection":[{"href":"https:\/\/cbma.com.br\/congresso-internacional-cbma-de-mediacao\/wp-json\/wp\/v2\/pages"}],"about":[{"href":"https:\/\/cbma.com.br\/congresso-internacional-cbma-de-mediacao\/wp-json\/wp\/v2\/types\/page"}],"author":[{"embeddable":true,"href":"https:\/\/cbma.com.br\/congresso-internacional-cbma-de-mediacao\/wp-json\/wp\/v2\/users\/1"}],"replies":[{"embeddable":true,"href":"https:\/\/cbma.com.br\/congresso-internacional-cbma-de-mediacao\/wp-json\/wp\/v2\/comments?post=6"}],"version-history":[{"count":30,"href":"https:\/\/cbma.com.br\/congresso-internacional-cbma-de-mediacao\/wp-json\/wp\/v2\/pages\/6\/revisions"}],"predecessor-version":[{"id":209,"href":"https:\/\/cbma.com.br\/congresso-internacional-cbma-de-mediacao\/wp-json\/wp\/v2\/pages\/6\/revisions\/209"}],"wp:featuredmedia":[{"embeddable":true,"href":"https:\/\/cbma.com.br\/congresso-internacional-cbma-de-mediacao\/wp-json\/wp\/v2\/media\/57"}],"wp:attachment":[{"href":"https:\/\/cbma.com.br\/congresso-internacional-cbma-de-mediacao\/wp-json\/wp\/v2\/media?parent=6"}],"curies":[{"name":"wp","href":"https:\/\/api.w.org\/{rel}","templated":true}]}}