{"id":8,"date":"2025-01-30T11:19:38","date_gmt":"2025-01-30T14:19:38","guid":{"rendered":"http:\/\/portalcbma.local.com.br\/viii-congresso-internacional-cbma-de-arbitragem\/?page_id=8"},"modified":"2025-07-31T16:49:05","modified_gmt":"2025-07-31T19:49:05","slug":"home","status":"publish","type":"page","link":"https:\/\/cbma.com.br\/viii-congresso-internacional-cbma-de-arbitragem\/","title":{"rendered":"Home"},"content":{"rendered":"\n<p>Nos dias 7 e 8 de agosto de 2025, mais uma vez o ic\u00f4nico Museu do Amanh\u00e3 ser\u00e1 palco do Congresso Internacional CBMA de Arbitragem, que chega em sua 8\u00aa edi\u00e7\u00e3o neste ano. <\/p>\n\n\n\n<p>O evento contar\u00e1 com debates profundos e enriquecedores sobre os temas mais atuais e as principais discuss\u00f5es que envolvem a arbitragem na comunidade jur\u00eddica, al\u00e9m de ser uma excelente oportunidade para ampliar sua rede de contatos, compartilhar ideias e trocar experi\u00eancias. <\/p>\n\n\n\n<p>Sendo um dos eventos mais importantes de Arbitragem no Brasil, o Congresso atrai renomados especialistas, nacionais e internacionais, assim como um p\u00fablico diverso, que inclui advogados, \u00e1rbitros, peritos, estudantes e todos aqueles que tenham interesse sobre a \u00e1rea. Participe desse grande evento e esteja no centro das discuss\u00f5es que moldam o futuro da arbitragem!<\/p>\n","protected":false},"excerpt":{"rendered":"<p>Nos dias 7 e 8 de agosto de 2025, mais uma vez o ic\u00f4nico Museu do Amanh\u00e3 ser\u00e1 palco do Congresso Internacional CBMA de Arbitragem, que chega em sua 8\u00aa edi\u00e7\u00e3o neste ano. O evento contar\u00e1 com debates profundos e enriquecedores sobre os temas mais atuais e as principais discuss\u00f5es que envolvem a arbitragem na [&hellip;]<\/p>\n","protected":false},"author":1,"featured_media":0,"parent":0,"menu_order":0,"comment_status":"closed","ping_status":"closed","template":"","meta":{"_acf_changed":false,"footnotes":""},"class_list":["post-8","page","type-page","status-publish","hentry"],"acf":[],"yoast_head":"<!-- This site is optimized with the Yoast SEO plugin v25.9 - https:\/\/yoast.com\/wordpress\/plugins\/seo\/ -->\n<title>VIII Congresso Internacional CBMA de Arbitragem<\/title>\n<meta name=\"robots\" content=\"index, follow, max-snippet:-1, max-image-preview:large, max-video-preview:-1\" \/>\n<link rel=\"canonical\" href=\"https:\/\/cbma.com.br\/viii-congresso-internacional-cbma-de-arbitragem\/\" \/>\n<meta property=\"og:locale\" content=\"pt_BR\" \/>\n<meta property=\"og:type\" content=\"article\" \/>\n<meta property=\"og:title\" content=\"VIII Congresso Internacional CBMA de Arbitragem\" \/>\n<meta property=\"og:description\" content=\"Nos dias 7 e 8 de agosto de 2025, mais uma vez o ic\u00f4nico Museu do Amanh\u00e3 ser\u00e1 palco do Congresso Internacional CBMA de Arbitragem, que chega em sua 8\u00aa edi\u00e7\u00e3o neste ano. O evento contar\u00e1 com debates profundos e enriquecedores sobre os temas mais atuais e as principais discuss\u00f5es que envolvem a arbitragem na [&hellip;]\" \/>\n<meta property=\"og:url\" content=\"https:\/\/cbma.com.br\/viii-congresso-internacional-cbma-de-arbitragem\/\" \/>\n<meta property=\"og:site_name\" content=\"VIII Congresso Internacional CBMA de Arbitragem\" \/>\n<meta property=\"article:publisher\" content=\"https:\/\/www.facebook.com\/cbma.oficial\" \/>\n<meta property=\"article:modified_time\" content=\"2025-07-31T19:49:05+00:00\" \/>\n<meta name=\"twitter:card\" content=\"summary_large_image\" \/>\n<meta name=\"twitter:label1\" content=\"Est. tempo de leitura\" \/>\n\t<meta name=\"twitter:data1\" content=\"1 minuto\" \/>\n<script type=\"application\/ld+json\" class=\"yoast-schema-graph\">{\"@context\":\"https:\/\/schema.org\",\"@graph\":[{\"@type\":\"WebPage\",\"@id\":\"https:\/\/cbma.com.br\/viii-congresso-internacional-cbma-de-arbitragem\/\",\"url\":\"https:\/\/cbma.com.br\/viii-congresso-internacional-cbma-de-arbitragem\/\",\"name\":\"VIII Congresso Internacional CBMA de Arbitragem\",\"isPartOf\":{\"@id\":\"https:\/\/cbma.com.br\/viii-congresso-internacional-cbma-de-arbitragem\/#website\"},\"datePublished\":\"2025-01-30T14:19:38+00:00\",\"dateModified\":\"2025-07-31T19:49:05+00:00\",\"breadcrumb\":{\"@id\":\"https:\/\/cbma.com.br\/viii-congresso-internacional-cbma-de-arbitragem\/#breadcrumb\"},\"inLanguage\":\"pt-BR\",\"potentialAction\":[{\"@type\":\"ReadAction\",\"target\":[\"https:\/\/cbma.com.br\/viii-congresso-internacional-cbma-de-arbitragem\/\"]}]},{\"@type\":\"BreadcrumbList\",\"@id\":\"https:\/\/cbma.com.br\/viii-congresso-internacional-cbma-de-arbitragem\/#breadcrumb\",\"itemListElement\":[{\"@type\":\"ListItem\",\"position\":1,\"name\":\"In\u00edcio\",\"item\":\"https:\/\/cbma.com.br\/viii-congresso-internacional-cbma-de-arbitragem\/\"},{\"@type\":\"ListItem\",\"position\":2,\"name\":\"Home\"}]},{\"@type\":\"WebSite\",\"@id\":\"https:\/\/cbma.com.br\/viii-congresso-internacional-cbma-de-arbitragem\/#website\",\"url\":\"https:\/\/cbma.com.br\/viii-congresso-internacional-cbma-de-arbitragem\/\",\"name\":\"VIII Congresso Internacional CBMA de Arbitragem\",\"description\":\"\",\"publisher\":{\"@id\":\"https:\/\/cbma.com.br\/viii-congresso-internacional-cbma-de-arbitragem\/#organization\"},\"potentialAction\":[{\"@type\":\"SearchAction\",\"target\":{\"@type\":\"EntryPoint\",\"urlTemplate\":\"https:\/\/cbma.com.br\/viii-congresso-internacional-cbma-de-arbitragem\/?s={search_term_string}\"},\"query-input\":{\"@type\":\"PropertyValueSpecification\",\"valueRequired\":true,\"valueName\":\"search_term_string\"}}],\"inLanguage\":\"pt-BR\"},{\"@type\":\"Organization\",\"@id\":\"https:\/\/cbma.com.br\/viii-congresso-internacional-cbma-de-arbitragem\/#organization\",\"name\":\"VIII Congresso Internacional CBMA de Arbitragem\",\"url\":\"https:\/\/cbma.com.br\/viii-congresso-internacional-cbma-de-arbitragem\/\",\"logo\":{\"@type\":\"ImageObject\",\"inLanguage\":\"pt-BR\",\"@id\":\"https:\/\/cbma.com.br\/viii-congresso-internacional-cbma-de-arbitragem\/#\/schema\/logo\/image\/\",\"url\":\"https:\/\/cbma.com.br\/viii-congresso-internacional-cbma-de-arbitragem\/wp-content\/uploads\/2025\/02\/cbma-logo-navigator.png\",\"contentUrl\":\"https:\/\/cbma.com.br\/viii-congresso-internacional-cbma-de-arbitragem\/wp-content\/uploads\/2025\/02\/cbma-logo-navigator.png\",\"width\":512,\"height\":512,\"caption\":\"VIII Congresso Internacional CBMA de Arbitragem\"},\"image\":{\"@id\":\"https:\/\/cbma.com.br\/viii-congresso-internacional-cbma-de-arbitragem\/#\/schema\/logo\/image\/\"},\"sameAs\":[\"https:\/\/www.facebook.com\/cbma.oficial\",\"https:\/\/www.instagram.com\/cbma.oficial\/\",\"https:\/\/www.youtube.com\/c\/CBMAoficial\",\"https:\/\/www.linkedin.com\/company\/cbma-centro-brasileiro-de-mediao-e-arbitragem\/\"]}]}<\/script>\n<!-- \/ Yoast SEO plugin. -->","yoast_head_json":{"title":"VIII Congresso Internacional CBMA de Arbitragem","robots":{"index":"index","follow":"follow","max-snippet":"max-snippet:-1","max-image-preview":"max-image-preview:large","max-video-preview":"max-video-preview:-1"},"canonical":"https:\/\/cbma.com.br\/viii-congresso-internacional-cbma-de-arbitragem\/","og_locale":"pt_BR","og_type":"article","og_title":"VIII Congresso Internacional CBMA de Arbitragem","og_description":"Nos dias 7 e 8 de agosto de 2025, mais uma vez o ic\u00f4nico Museu do Amanh\u00e3 ser\u00e1 palco do Congresso Internacional CBMA de Arbitragem, que chega em sua 8\u00aa edi\u00e7\u00e3o neste ano. O evento contar\u00e1 com debates profundos e enriquecedores sobre os temas mais atuais e as principais discuss\u00f5es que envolvem a arbitragem na [&hellip;]","og_url":"https:\/\/cbma.com.br\/viii-congresso-internacional-cbma-de-arbitragem\/","og_site_name":"VIII Congresso Internacional CBMA de Arbitragem","article_publisher":"https:\/\/www.facebook.com\/cbma.oficial","article_modified_time":"2025-07-31T19:49:05+00:00","twitter_card":"summary_large_image","twitter_misc":{"Est. tempo de leitura":"1 minuto"},"schema":{"@context":"https:\/\/schema.org","@graph":[{"@type":"WebPage","@id":"https:\/\/cbma.com.br\/viii-congresso-internacional-cbma-de-arbitragem\/","url":"https:\/\/cbma.com.br\/viii-congresso-internacional-cbma-de-arbitragem\/","name":"VIII Congresso Internacional CBMA de Arbitragem","isPartOf":{"@id":"https:\/\/cbma.com.br\/viii-congresso-internacional-cbma-de-arbitragem\/#website"},"datePublished":"2025-01-30T14:19:38+00:00","dateModified":"2025-07-31T19:49:05+00:00","breadcrumb":{"@id":"https:\/\/cbma.com.br\/viii-congresso-internacional-cbma-de-arbitragem\/#breadcrumb"},"inLanguage":"pt-BR","potentialAction":[{"@type":"ReadAction","target":["https:\/\/cbma.com.br\/viii-congresso-internacional-cbma-de-arbitragem\/"]}]},{"@type":"BreadcrumbList","@id":"https:\/\/cbma.com.br\/viii-congresso-internacional-cbma-de-arbitragem\/#breadcrumb","itemListElement":[{"@type":"ListItem","position":1,"name":"In\u00edcio","item":"https:\/\/cbma.com.br\/viii-congresso-internacional-cbma-de-arbitragem\/"},{"@type":"ListItem","position":2,"name":"Home"}]},{"@type":"WebSite","@id":"https:\/\/cbma.com.br\/viii-congresso-internacional-cbma-de-arbitragem\/#website","url":"https:\/\/cbma.com.br\/viii-congresso-internacional-cbma-de-arbitragem\/","name":"VIII Congresso Internacional CBMA de Arbitragem","description":"","publisher":{"@id":"https:\/\/cbma.com.br\/viii-congresso-internacional-cbma-de-arbitragem\/#organization"},"potentialAction":[{"@type":"SearchAction","target":{"@type":"EntryPoint","urlTemplate":"https:\/\/cbma.com.br\/viii-congresso-internacional-cbma-de-arbitragem\/?s={search_term_string}"},"query-input":{"@type":"PropertyValueSpecification","valueRequired":true,"valueName":"search_term_string"}}],"inLanguage":"pt-BR"},{"@type":"Organization","@id":"https:\/\/cbma.com.br\/viii-congresso-internacional-cbma-de-arbitragem\/#organization","name":"VIII Congresso Internacional CBMA de Arbitragem","url":"https:\/\/cbma.com.br\/viii-congresso-internacional-cbma-de-arbitragem\/","logo":{"@type":"ImageObject","inLanguage":"pt-BR","@id":"https:\/\/cbma.com.br\/viii-congresso-internacional-cbma-de-arbitragem\/#\/schema\/logo\/image\/","url":"https:\/\/cbma.com.br\/viii-congresso-internacional-cbma-de-arbitragem\/wp-content\/uploads\/2025\/02\/cbma-logo-navigator.png","contentUrl":"https:\/\/cbma.com.br\/viii-congresso-internacional-cbma-de-arbitragem\/wp-content\/uploads\/2025\/02\/cbma-logo-navigator.png","width":512,"height":512,"caption":"VIII Congresso Internacional CBMA de Arbitragem"},"image":{"@id":"https:\/\/cbma.com.br\/viii-congresso-internacional-cbma-de-arbitragem\/#\/schema\/logo\/image\/"},"sameAs":["https:\/\/www.facebook.com\/cbma.oficial","https:\/\/www.instagram.com\/cbma.oficial\/","https:\/\/www.youtube.com\/c\/CBMAoficial","https:\/\/www.linkedin.com\/company\/cbma-centro-brasileiro-de-mediao-e-arbitragem\/"]}]}},"_links":{"self":[{"href":"https:\/\/cbma.com.br\/viii-congresso-internacional-cbma-de-arbitragem\/wp-json\/wp\/v2\/pages\/8","targetHints":{"allow":["GET"]}}],"collection":[{"href":"https:\/\/cbma.com.br\/viii-congresso-internacional-cbma-de-arbitragem\/wp-json\/wp\/v2\/pages"}],"about":[{"href":"https:\/\/cbma.com.br\/viii-congresso-internacional-cbma-de-arbitragem\/wp-json\/wp\/v2\/types\/page"}],"author":[{"embeddable":true,"href":"https:\/\/cbma.com.br\/viii-congresso-internacional-cbma-de-arbitragem\/wp-json\/wp\/v2\/users\/1"}],"replies":[{"embeddable":true,"href":"https:\/\/cbma.com.br\/viii-congresso-internacional-cbma-de-arbitragem\/wp-json\/wp\/v2\/comments?post=8"}],"version-history":[{"count":43,"href":"https:\/\/cbma.com.br\/viii-congresso-internacional-cbma-de-arbitragem\/wp-json\/wp\/v2\/pages\/8\/revisions"}],"predecessor-version":[{"id":391,"href":"https:\/\/cbma.com.br\/viii-congresso-internacional-cbma-de-arbitragem\/wp-json\/wp\/v2\/pages\/8\/revisions\/391"}],"wp:attachment":[{"href":"https:\/\/cbma.com.br\/viii-congresso-internacional-cbma-de-arbitragem\/wp-json\/wp\/v2\/media?parent=8"}],"curies":[{"name":"wp","href":"https:\/\/api.w.org\/{rel}","templated":true}]}}